{"id":218,"date":"2023-03-28T04:36:38","date_gmt":"2023-03-28T04:36:38","guid":{"rendered":"https:\/\/cozystay.loftocean.com\/apartment\/?page_id=218"},"modified":"2025-09-07T16:02:28","modified_gmt":"2025-09-07T16:02:28","slug":"dining","status":"publish","type":"page","link":"https:\/\/hotel-uaque.gw\/?page_id=218","title":{"rendered":"Restaura\u00e7\u00e3o"},"content":{"rendered":"\t\t<div data-elementor-type=\"wp-page\" data-elementor-id=\"218\" class=\"elementor elementor-218\">\n\t\t\t\t\t\t<section class=\"elementor-section elementor-top-section elementor-element elementor-element-350e176f elementor-section-height-min-height cs-section-content-fullwidth cs-parallax-on-scroll cs_scroll_y_80 elementor-section-boxed elementor-section-height-default elementor-section-items-middle\" data-id=\"350e176f\" data-element_type=\"section\" data-e-type=\"section\" data-settings=\"{&quot;background_background&quot;:&quot;classic&quot;}\" data-cs-parallax-y=\"80\" style=\"background-image: none;\" data-cs-background-image=\"https:\/\/cozystay.loftocean.com\/apartment\/wp-content\/uploads\/sites\/6\/2023\/04\/eaters-collective-ESmxug33C0c-unsplash.jpg\" data-cs-background-image-alt-text=\"\">\n\t\t\t\t\t\t\t<div class=\"elementor-background-overlay\"><\/div>\n\t\t\t\t\t\t\t<div class=\"elementor-container elementor-column-gap-no\">\n\t\t\t\t\t<div class=\"elementor-column elementor-col-100 elementor-top-column elementor-element elementor-element-3c8e027c dark-color\" data-id=\"3c8e027c\" data-element_type=\"column\" data-e-type=\"column\">\n\t\t\t<div class=\"elementor-widget-wrap elementor-element-populated\">\n\t\t\t\t\t\t<div class=\"elementor-element elementor-element-6f86cd9a elementor-widget elementor-widget-cs_title\" data-id=\"6f86cd9a\" data-element_type=\"widget\" data-e-type=\"widget\" data-widget_type=\"cs_title.default\">\n\t\t\t\t<div class=\"elementor-widget-container\">\n\t\t\t\t\t\n        <div class=\"cs-title-wrap text-center\">\t            <h1 class=\"cs-title\">\n\t                Experi\u00eancia gastron\u00f3mica\t            <\/h1>\t            <div class=\"cs-title-text\">\n\t                <p>Aproveite uma grande variedade de op\u00e7\u00f5es gastron\u00f3micas da Guin\u00e9-Bissau.<\/p>\t            <\/div>        <\/div>\t\t\t\t<\/div>\n\t\t\t\t<\/div>\n\t\t\t\t\t<\/div>\n\t\t<\/div>\n\t\t\t\t\t<\/div>\n\t\t<\/section>\n\t\t\t\t<section class=\"elementor-section elementor-top-section elementor-element elementor-element-28530c1f elementor-section-content-middle elementor-section-boxed elementor-section-height-default elementor-section-height-default\" data-id=\"28530c1f\" data-element_type=\"section\" data-e-type=\"section\" data-settings=\"{&quot;background_background&quot;:&quot;classic&quot;}\">\n\t\t\t\t\t\t<div class=\"elementor-container elementor-column-gap-no\">\n\t\t\t\t\t<div class=\"elementor-column elementor-col-50 elementor-top-column elementor-element elementor-element-67df8976\" data-id=\"67df8976\" data-element_type=\"column\" data-e-type=\"column\">\n\t\t\t<div class=\"elementor-widget-wrap elementor-element-populated\">\n\t\t\t\t\t\t<div class=\"elementor-element elementor-element-3e71054a cs-animation-small-offset elementor-invisible elementor-widget elementor-widget-image\" data-id=\"3e71054a\" data-element_type=\"widget\" data-e-type=\"widget\" data-settings=\"{&quot;_animation&quot;:&quot;fadeInUp&quot;,&quot;_animation_delay&quot;:200}\" data-widget_type=\"image.default\">\n\t\t\t\t<div class=\"elementor-widget-container\">\n\t\t\t\t\t\t\t\t\t\t\t\t\t\t\t<img fetchpriority=\"high\" decoding=\"async\" width=\"1200\" height=\"1599\" src=\"https:\/\/hotel-uaque.gw\/wp-content\/uploads\/2025\/02\/cozinha.png\" class=\"attachment-full size-full wp-image-1769\" alt=\"\" srcset=\"https:\/\/hotel-uaque.gw\/wp-content\/uploads\/2025\/02\/cozinha.png 1200w, https:\/\/hotel-uaque.gw\/wp-content\/uploads\/2025\/02\/cozinha-225x300.png 225w, https:\/\/hotel-uaque.gw\/wp-content\/uploads\/2025\/02\/cozinha-768x1023.png 768w, https:\/\/hotel-uaque.gw\/wp-content\/uploads\/2025\/02\/cozinha-1153x1536.png 1153w, https:\/\/hotel-uaque.gw\/wp-content\/uploads\/2025\/02\/cozinha-780x1039.png 780w, https:\/\/hotel-uaque.gw\/wp-content\/uploads\/2025\/02\/cozinha-600x800.png 600w, https:\/\/hotel-uaque.gw\/wp-content\/uploads\/2025\/02\/cozinha-550x733.png 550w, https:\/\/hotel-uaque.gw\/wp-content\/uploads\/2025\/02\/cozinha-370x493.png 370w, https:\/\/hotel-uaque.gw\/wp-content\/uploads\/2025\/02\/cozinha-255x340.png 255w, https:\/\/hotel-uaque.gw\/wp-content\/uploads\/2025\/02\/cozinha-113x150.png 113w\" sizes=\"(max-width: 1200px) 100vw, 1200px\" \/>\t\t\t\t\t\t\t\t\t\t\t\t\t\t\t<\/div>\n\t\t\t\t<\/div>\n\t\t\t\t\t<\/div>\n\t\t<\/div>\n\t\t\t\t<div class=\"elementor-column elementor-col-50 elementor-top-column elementor-element elementor-element-33f731d7\" data-id=\"33f731d7\" data-element_type=\"column\" data-e-type=\"column\">\n\t\t\t<div class=\"elementor-widget-wrap elementor-element-populated\">\n\t\t\t\t\t\t<div class=\"elementor-element elementor-element-b2017b5 elementor-widget elementor-widget-cs_title\" data-id=\"b2017b5\" data-element_type=\"widget\" data-e-type=\"widget\" data-widget_type=\"cs_title.default\">\n\t\t\t\t<div class=\"elementor-widget-container\">\n\t\t\t\t\t\n        <div class=\"cs-title-wrap\">\t            <div class=\"cs-subtitle-wrap\"><span class=\"cs-subtitle\">Bom apetite durante as f\u00e9rias e viagens<\/span><\/div>\t            <h4 class=\"cs-title\">\n\t                Experimente a cozinha requintada no The Restaurant\t            <\/h4>\t            <div class=\"cs-title-text\">\n\t                <p>Os nossos chefs experientes unem o melhor da <strong>culin\u00e1ria tradicional da Guin\u00e9-Bissau<\/strong> com influ\u00eancias internacionais, criando pratos aut\u00eanticos e sabores \u00fanicos. Desfrute de uma cozinha rica em ingredientes locais, cocktails exclusivos ou t\u00f3nicos caseiros, enquanto aprecia <strong>m\u00fasica t\u00edpica<\/strong> e as belas paisagens naturais de Mansoa. Desde menus sazonais at\u00e9 experi\u00eancias gastron\u00f3micas para qualquer ocasi\u00e3o, deixe-se surpreender pelo que a nossa equipa est\u00e1 a preparar para si.<\/p>\t            <\/div>        <\/div>\t\t\t\t<\/div>\n\t\t\t\t<\/div>\n\t\t\t\t<div class=\"elementor-element elementor-element-e62043d elementor-widget elementor-widget-cs_list\" data-id=\"e62043d\" data-element_type=\"widget\" data-e-type=\"widget\" data-widget_type=\"cs_list.default\">\n\t\t\t\t<div class=\"elementor-widget-container\">\n\t\t\t\t\t\n            <ul class=\"cs-list cs-list-type-unordered\">                <li>                        <span class=\"list-icon color-primary\">\n                            <svg aria-hidden=\"true\" class=\"e-font-icon-svg e-fas-circle\" viewBox=\"0 0 512 512\" xmlns=\"http:\/\/www.w3.org\/2000\/svg\"><path d=\"M256 8C119 8 8 119 8 256s111 248 248 248 248-111 248-248S393 8 256 8z\"><\/path><\/svg>                        <\/span>                    <span class=\"list-content\">Localiza\u00e7\u00e3o: Sal\u00e3o Principal<\/span>                <\/li>                <li>                        <span class=\"list-icon color-primary\">\n                            <svg aria-hidden=\"true\" class=\"e-font-icon-svg e-fas-circle\" viewBox=\"0 0 512 512\" xmlns=\"http:\/\/www.w3.org\/2000\/svg\"><path d=\"M256 8C119 8 8 119 8 256s111 248 248 248 248-111 248-248S393 8 256 8z\"><\/path><\/svg>                        <\/span>                    <span class=\"list-content\">Serve: Pequeno-Almo\u00e7o, Brunch, Almo\u00e7o, Jantar, Sobremesa<\/span>                <\/li>                <li>                        <span class=\"list-icon color-primary\">\n                            <svg aria-hidden=\"true\" class=\"e-font-icon-svg e-fas-circle\" viewBox=\"0 0 512 512\" xmlns=\"http:\/\/www.w3.org\/2000\/svg\"><path d=\"M256 8C119 8 8 119 8 256s111 248 248 248 248-111 248-248S393 8 256 8z\"><\/path><\/svg>                        <\/span>                    <span class=\"list-content\">Telem\u00f3vel: +245 955 876 010 | +245 956 183 091<\/span>                        <a class=\"list-link\" href=\"tel:%20+245%20955%20876%20010\" aria-label=\"List Item Link\"><\/a>                <\/li>                <li>                        <span class=\"list-icon color-primary\">\n                            <svg aria-hidden=\"true\" class=\"e-font-icon-svg e-fas-circle\" viewBox=\"0 0 512 512\" xmlns=\"http:\/\/www.w3.org\/2000\/svg\"><path d=\"M256 8C119 8 8 119 8 256s111 248 248 248 248-111 248-248S393 8 256 8z\"><\/path><\/svg>                        <\/span>                    <span class=\"list-content\">Horario: 7:00 - 22h00<\/span>                <\/li>            <\/ul>\t\t\t\t<\/div>\n\t\t\t\t<\/div>\n\t\t\t\t<div class=\"elementor-element elementor-element-d6494b5 elementor-widget elementor-widget-cs_button\" data-id=\"d6494b5\" data-element_type=\"widget\" data-e-type=\"widget\" data-widget_type=\"cs_button.default\">\n\t\t\t\t<div class=\"elementor-widget-container\">\n\t\t\t\t\t        <a href=\"tel:%20+245%20955%20876%20010\" class=\"elementor-button-link button cs-btn-outline\" role=\"button\">\n            <span class=\"cs-btn-text\">Liga agora<\/span>        <\/a>\t\t\t\t<\/div>\n\t\t\t\t<\/div>\n\t\t\t\t\t<\/div>\n\t\t<\/div>\n\t\t\t\t\t<\/div>\n\t\t<\/section>\n\t\t\t\t<section class=\"elementor-section elementor-top-section elementor-element elementor-element-f5dc612 cs-section-content-fullwidth cs-parallax-on-scroll cs_scroll_y_80 cs-animation-small-offset elementor-section-boxed elementor-section-height-default elementor-section-height-default elementor-invisible\" data-id=\"f5dc612\" data-element_type=\"section\" data-e-type=\"section\" data-settings=\"{&quot;background_background&quot;:&quot;classic&quot;,&quot;animation&quot;:&quot;fadeInUp&quot;,&quot;animation_delay&quot;:150}\" data-cs-parallax-y=\"80\" style=\"background-image: none;\" data-cs-background-image=\"https:\/\/cozystay.loftocean.com\/apartment\/wp-content\/uploads\/sites\/6\/2023\/04\/enis-yavuz-Alpx_sw0Z8I-unsplash.jpg\" data-cs-background-image-alt-text=\"\">\n\t\t\t\t\t\t\t<div class=\"elementor-background-overlay\"><\/div>\n\t\t\t\t\t\t\t<div class=\"elementor-container elementor-column-gap-no\">\n\t\t\t\t\t<div class=\"elementor-column elementor-col-100 elementor-top-column elementor-element elementor-element-7aaabb4 dark-color\" data-id=\"7aaabb4\" data-element_type=\"column\" data-e-type=\"column\">\n\t\t\t<div class=\"elementor-widget-wrap elementor-element-populated\">\n\t\t\t\t\t\t<div class=\"elementor-element elementor-element-f6f99b9 elementor-widget elementor-widget-cs_title\" data-id=\"f6f99b9\" data-element_type=\"widget\" data-e-type=\"widget\" data-widget_type=\"cs_title.default\">\n\t\t\t\t<div class=\"elementor-widget-container\">\n\t\t\t\t\t\n        <div class=\"cs-title-wrap\">\t            <h4 class=\"cs-title\">\n\t                Servi\u00e7o de quartos\t            <\/h4>\t            <div class=\"cs-title-text\">\n\t                <p>Reabaste\u00e7a-se ao seu pr\u00f3prio ritmo com artigos sazonais frescos e locais entregues \u00e0 sua porta.<\/p>\t            <\/div>        <\/div>\t\t\t\t<\/div>\n\t\t\t\t<\/div>\n\t\t\t\t<div class=\"elementor-element elementor-element-c2c0480 elementor-widget elementor-widget-cs_list\" data-id=\"c2c0480\" data-element_type=\"widget\" data-e-type=\"widget\" data-widget_type=\"cs_list.default\">\n\t\t\t\t<div class=\"elementor-widget-container\">\n\t\t\t\t\t\n            <ul class=\"cs-list cs-list-type-unordered\">                <li>                        <span class=\"list-icon color-primary\">\n                            <svg aria-hidden=\"true\" class=\"e-font-icon-svg e-fas-circle\" viewBox=\"0 0 512 512\" xmlns=\"http:\/\/www.w3.org\/2000\/svg\"><path d=\"M256 8C119 8 8 119 8 256s111 248 248 248 248-111 248-248S393 8 256 8z\"><\/path><\/svg>                        <\/span>                    <span class=\"list-content\">Serve: Pequeno-Almo\u00e7o, Brunch, Almo\u00e7o, Jantar, Sobremesa<\/span>                <\/li>                <li>                        <span class=\"list-icon color-primary\">\n                            <svg aria-hidden=\"true\" class=\"e-font-icon-svg e-fas-circle\" viewBox=\"0 0 512 512\" xmlns=\"http:\/\/www.w3.org\/2000\/svg\"><path d=\"M256 8C119 8 8 119 8 256s111 248 248 248 248-111 248-248S393 8 256 8z\"><\/path><\/svg>                        <\/span>                    <span class=\"list-content\">Telem\u00f3vel: +245 969 007 172 | +245 956 086 144<\/span>                        <a class=\"list-link\" href=\"tel:%20+41223456788\" aria-label=\"List Item Link\"><\/a>                <\/li>                <li>                        <span class=\"list-icon color-primary\">\n                            <svg aria-hidden=\"true\" class=\"e-font-icon-svg e-fas-circle\" viewBox=\"0 0 512 512\" xmlns=\"http:\/\/www.w3.org\/2000\/svg\"><path d=\"M256 8C119 8 8 119 8 256s111 248 248 248 248-111 248-248S393 8 256 8z\"><\/path><\/svg>                        <\/span>                    <span class=\"list-content\">Horario: 7:00 - 22h00<\/span>                <\/li>            <\/ul>\t\t\t\t<\/div>\n\t\t\t\t<\/div>\n\t\t\t\t<div class=\"elementor-element elementor-element-ce181af elementor-widget elementor-widget-cs_button\" data-id=\"ce181af\" data-element_type=\"widget\" data-e-type=\"widget\" data-widget_type=\"cs_button.default\">\n\t\t\t\t<div class=\"elementor-widget-container\">\n\t\t\t\t\t        <a href=\"tel:+245%20955%20876%20010\" class=\"elementor-button-link button cs-btn-outline\" role=\"button\">\n            <span class=\"cs-btn-text\">Order Now<\/span>        <\/a>\t\t\t\t<\/div>\n\t\t\t\t<\/div>\n\t\t\t\t\t<\/div>\n\t\t<\/div>\n\t\t\t\t\t<\/div>\n\t\t<\/section>\n\t\t\t\t<\/div>\n\t\t","protected":false},"excerpt":{"rendered":"<p>Experi\u00eancia gastron\u00f3mica Aproveite uma grande variedade de op\u00e7\u00f5es gastron\u00f3micas da Guin\u00e9-Bissau. Bom apetite durante as f\u00e9rias e viagens Experimente a cozinha requintada no The Restaurant Os nossos chefs experientes unem o melhor da culin\u00e1ria tradicional da Guin\u00e9-Bissau com influ\u00eancias internacionais, criando pratos aut\u00eanticos e sabores \u00fanicos. Desfrute de uma cozinha rica em ingredientes locais, cocktails &#8230;<\/p>\n","protected":false},"author":1,"featured_media":0,"parent":0,"menu_order":0,"comment_status":"closed","ping_status":"closed","template":"template-wide-content.php","meta":{"cozystay_single_page_hide_site_header":"","cozystay_single_page_site_header_source":"","cozystay_single_page_custom_site_header":"0","cozystay_single_page_custom_sticky_site_header":"0","cozystay_single_page_hide_page_title":"on","cozystay_single_page_header_section_size":"","cozystay_single_page_header_background_color":"","cozystay_single_page_header_background_position_x":"center","cozystay_single_page_header_background_position_y":"center","cozystay_single_page_header_background_size":"cover","cozystay_single_page_header_background_repeat":"off","cozystay_single_page_header_background_scroll":"on","cozystay_single_page_header_text_color":"","cozystay_single_page_header_show_breadcrumb":"","cozystay_single_page_site_footer_hide_main":"","cozystay_single_custom_site_footer_main_source":"","cozystay_single_custom_site_footer_main":"0","cozystay_single_page_site_footer_hide_above":"","cozystay_single_custom_site_footer_above_source":"","cozystay_single_custom_site_footer_above":"0","cozystay_single_page_site_footer_hide_instagram":"","cozystay_single_page_site_footer_hide_bottom":"","cozystay_single_custom_mobile_menu_source":"","cozystay_single_custom_mobile_menu":"0","cozystay_single_custom_mobile_menu_animation":"","cozystay_single_custom_mobile_menu_width":"","cozystay_single_custom_mobile_menu_custom_width":375,"footnotes":""},"class_list":["post-218","page","type-page","status-publish","hentry"],"yoast_head":"<!-- This site is optimized with the Yoast SEO plugin v27.5 - https:\/\/yoast.com\/product\/yoast-seo-wordpress\/ -->\n<title>Restaura\u00e7\u00e3o - Hotel Uaque<\/title>\n<meta name=\"robots\" content=\"index, follow, max-snippet:-1, max-image-preview:large, max-video-preview:-1\" \/>\n<link rel=\"canonical\" href=\"https:\/\/hotel-uaque.gw\/?page_id=218\" \/>\n<meta property=\"og:locale\" content=\"pt_PT\" \/>\n<meta property=\"og:type\" content=\"article\" \/>\n<meta property=\"og:title\" content=\"Restaura\u00e7\u00e3o - Hotel Uaque\" \/>\n<meta property=\"og:description\" content=\"Experi\u00eancia gastron\u00f3mica Aproveite uma grande variedade de op\u00e7\u00f5es gastron\u00f3micas da Guin\u00e9-Bissau. Bom apetite durante as f\u00e9rias e viagens Experimente a cozinha requintada no The Restaurant Os nossos chefs experientes unem o melhor da culin\u00e1ria tradicional da Guin\u00e9-Bissau com influ\u00eancias internacionais, criando pratos aut\u00eanticos e sabores \u00fanicos. Desfrute de uma cozinha rica em ingredientes locais, cocktails ...\" \/>\n<meta property=\"og:url\" content=\"https:\/\/hotel-uaque.gw\/?page_id=218\" \/>\n<meta property=\"og:site_name\" content=\"Hotel Uaque\" \/>\n<meta property=\"article:modified_time\" content=\"2025-09-07T16:02:28+00:00\" \/>\n<meta property=\"og:image\" content=\"https:\/\/hotel-uaque.gw\/wp-content\/uploads\/2025\/02\/cozinha.png\" \/>\n\t<meta property=\"og:image:width\" content=\"1200\" \/>\n\t<meta property=\"og:image:height\" content=\"1599\" \/>\n\t<meta property=\"og:image:type\" content=\"image\/png\" \/>\n<meta name=\"twitter:card\" content=\"summary_large_image\" \/>\n<meta name=\"twitter:label1\" content=\"Tempo estimado de leitura\" \/>\n\t<meta name=\"twitter:data1\" content=\"2 minutos\" \/>\n<script type=\"application\/ld+json\" class=\"yoast-schema-graph\">{\"@context\":\"https:\\\/\\\/schema.org\",\"@graph\":[{\"@type\":\"WebPage\",\"@id\":\"https:\\\/\\\/hotel-uaque.gw\\\/?page_id=218\",\"url\":\"https:\\\/\\\/hotel-uaque.gw\\\/?page_id=218\",\"name\":\"Restaura\u00e7\u00e3o - Hotel Uaque\",\"isPartOf\":{\"@id\":\"https:\\\/\\\/hotel-uaque.gw\\\/#website\"},\"primaryImageOfPage\":{\"@id\":\"https:\\\/\\\/hotel-uaque.gw\\\/?page_id=218#primaryimage\"},\"image\":{\"@id\":\"https:\\\/\\\/hotel-uaque.gw\\\/?page_id=218#primaryimage\"},\"thumbnailUrl\":\"https:\\\/\\\/hotel-uaque.gw\\\/wp-content\\\/uploads\\\/2025\\\/02\\\/cozinha.png\",\"datePublished\":\"2023-03-28T04:36:38+00:00\",\"dateModified\":\"2025-09-07T16:02:28+00:00\",\"breadcrumb\":{\"@id\":\"https:\\\/\\\/hotel-uaque.gw\\\/?page_id=218#breadcrumb\"},\"inLanguage\":\"pt-PT\",\"potentialAction\":[{\"@type\":\"ReadAction\",\"target\":[\"https:\\\/\\\/hotel-uaque.gw\\\/?page_id=218\"]}]},{\"@type\":\"ImageObject\",\"inLanguage\":\"pt-PT\",\"@id\":\"https:\\\/\\\/hotel-uaque.gw\\\/?page_id=218#primaryimage\",\"url\":\"https:\\\/\\\/hotel-uaque.gw\\\/wp-content\\\/uploads\\\/2025\\\/02\\\/cozinha.png\",\"contentUrl\":\"https:\\\/\\\/hotel-uaque.gw\\\/wp-content\\\/uploads\\\/2025\\\/02\\\/cozinha.png\",\"width\":1200,\"height\":1599},{\"@type\":\"BreadcrumbList\",\"@id\":\"https:\\\/\\\/hotel-uaque.gw\\\/?page_id=218#breadcrumb\",\"itemListElement\":[{\"@type\":\"ListItem\",\"position\":1,\"name\":\"Home\",\"item\":\"https:\\\/\\\/hotel-uaque.gw\\\/\"},{\"@type\":\"ListItem\",\"position\":2,\"name\":\"Restaura\u00e7\u00e3o\"}]},{\"@type\":\"WebSite\",\"@id\":\"https:\\\/\\\/hotel-uaque.gw\\\/#website\",\"url\":\"https:\\\/\\\/hotel-uaque.gw\\\/\",\"name\":\"Hotel Uaque\",\"description\":\"O seu ref\u00fagio agroecol\u00f3gico em Mansoa, Guin\u00e9-Bissau\",\"publisher\":{\"@id\":\"https:\\\/\\\/hotel-uaque.gw\\\/#organization\"},\"potentialAction\":[{\"@type\":\"SearchAction\",\"target\":{\"@type\":\"EntryPoint\",\"urlTemplate\":\"https:\\\/\\\/hotel-uaque.gw\\\/?s={search_term_string}\"},\"query-input\":{\"@type\":\"PropertyValueSpecification\",\"valueRequired\":true,\"valueName\":\"search_term_string\"}}],\"inLanguage\":\"pt-PT\"},{\"@type\":\"Organization\",\"@id\":\"https:\\\/\\\/hotel-uaque.gw\\\/#organization\",\"name\":\"Hotel Uaque\",\"url\":\"https:\\\/\\\/hotel-uaque.gw\\\/\",\"logo\":{\"@type\":\"ImageObject\",\"inLanguage\":\"pt-PT\",\"@id\":\"https:\\\/\\\/hotel-uaque.gw\\\/#\\\/schema\\\/logo\\\/image\\\/\",\"url\":\"https:\\\/\\\/hotel-uaque.gw\\\/wp-content\\\/uploads\\\/2025\\\/02\\\/cropped-logo-uaque-1.png\",\"contentUrl\":\"https:\\\/\\\/hotel-uaque.gw\\\/wp-content\\\/uploads\\\/2025\\\/02\\\/cropped-logo-uaque-1.png\",\"width\":257,\"height\":100,\"caption\":\"Hotel Uaque\"},\"image\":{\"@id\":\"https:\\\/\\\/hotel-uaque.gw\\\/#\\\/schema\\\/logo\\\/image\\\/\"}}]}<\/script>\n<!-- \/ Yoast SEO plugin. -->","yoast_head_json":{"title":"Restaura\u00e7\u00e3o - Hotel Uaque","robots":{"index":"index","follow":"follow","max-snippet":"max-snippet:-1","max-image-preview":"max-image-preview:large","max-video-preview":"max-video-preview:-1"},"canonical":"https:\/\/hotel-uaque.gw\/?page_id=218","og_locale":"pt_PT","og_type":"article","og_title":"Restaura\u00e7\u00e3o - Hotel Uaque","og_description":"Experi\u00eancia gastron\u00f3mica Aproveite uma grande variedade de op\u00e7\u00f5es gastron\u00f3micas da Guin\u00e9-Bissau. Bom apetite durante as f\u00e9rias e viagens Experimente a cozinha requintada no The Restaurant Os nossos chefs experientes unem o melhor da culin\u00e1ria tradicional da Guin\u00e9-Bissau com influ\u00eancias internacionais, criando pratos aut\u00eanticos e sabores \u00fanicos. Desfrute de uma cozinha rica em ingredientes locais, cocktails ...","og_url":"https:\/\/hotel-uaque.gw\/?page_id=218","og_site_name":"Hotel Uaque","article_modified_time":"2025-09-07T16:02:28+00:00","og_image":[{"width":1200,"height":1599,"url":"https:\/\/hotel-uaque.gw\/wp-content\/uploads\/2025\/02\/cozinha.png","type":"image\/png"}],"twitter_card":"summary_large_image","twitter_misc":{"Tempo estimado de leitura":"2 minutos"},"schema":{"@context":"https:\/\/schema.org","@graph":[{"@type":"WebPage","@id":"https:\/\/hotel-uaque.gw\/?page_id=218","url":"https:\/\/hotel-uaque.gw\/?page_id=218","name":"Restaura\u00e7\u00e3o - Hotel Uaque","isPartOf":{"@id":"https:\/\/hotel-uaque.gw\/#website"},"primaryImageOfPage":{"@id":"https:\/\/hotel-uaque.gw\/?page_id=218#primaryimage"},"image":{"@id":"https:\/\/hotel-uaque.gw\/?page_id=218#primaryimage"},"thumbnailUrl":"https:\/\/hotel-uaque.gw\/wp-content\/uploads\/2025\/02\/cozinha.png","datePublished":"2023-03-28T04:36:38+00:00","dateModified":"2025-09-07T16:02:28+00:00","breadcrumb":{"@id":"https:\/\/hotel-uaque.gw\/?page_id=218#breadcrumb"},"inLanguage":"pt-PT","potentialAction":[{"@type":"ReadAction","target":["https:\/\/hotel-uaque.gw\/?page_id=218"]}]},{"@type":"ImageObject","inLanguage":"pt-PT","@id":"https:\/\/hotel-uaque.gw\/?page_id=218#primaryimage","url":"https:\/\/hotel-uaque.gw\/wp-content\/uploads\/2025\/02\/cozinha.png","contentUrl":"https:\/\/hotel-uaque.gw\/wp-content\/uploads\/2025\/02\/cozinha.png","width":1200,"height":1599},{"@type":"BreadcrumbList","@id":"https:\/\/hotel-uaque.gw\/?page_id=218#breadcrumb","itemListElement":[{"@type":"ListItem","position":1,"name":"Home","item":"https:\/\/hotel-uaque.gw\/"},{"@type":"ListItem","position":2,"name":"Restaura\u00e7\u00e3o"}]},{"@type":"WebSite","@id":"https:\/\/hotel-uaque.gw\/#website","url":"https:\/\/hotel-uaque.gw\/","name":"Hotel Uaque","description":"O seu ref\u00fagio agroecol\u00f3gico em Mansoa, Guin\u00e9-Bissau","publisher":{"@id":"https:\/\/hotel-uaque.gw\/#organization"},"potentialAction":[{"@type":"SearchAction","target":{"@type":"EntryPoint","urlTemplate":"https:\/\/hotel-uaque.gw\/?s={search_term_string}"},"query-input":{"@type":"PropertyValueSpecification","valueRequired":true,"valueName":"search_term_string"}}],"inLanguage":"pt-PT"},{"@type":"Organization","@id":"https:\/\/hotel-uaque.gw\/#organization","name":"Hotel Uaque","url":"https:\/\/hotel-uaque.gw\/","logo":{"@type":"ImageObject","inLanguage":"pt-PT","@id":"https:\/\/hotel-uaque.gw\/#\/schema\/logo\/image\/","url":"https:\/\/hotel-uaque.gw\/wp-content\/uploads\/2025\/02\/cropped-logo-uaque-1.png","contentUrl":"https:\/\/hotel-uaque.gw\/wp-content\/uploads\/2025\/02\/cropped-logo-uaque-1.png","width":257,"height":100,"caption":"Hotel Uaque"},"image":{"@id":"https:\/\/hotel-uaque.gw\/#\/schema\/logo\/image\/"}}]}},"_links":{"self":[{"href":"https:\/\/hotel-uaque.gw\/index.php?rest_route=\/wp\/v2\/pages\/218","targetHints":{"allow":["GET"]}}],"collection":[{"href":"https:\/\/hotel-uaque.gw\/index.php?rest_route=\/wp\/v2\/pages"}],"about":[{"href":"https:\/\/hotel-uaque.gw\/index.php?rest_route=\/wp\/v2\/types\/page"}],"author":[{"embeddable":true,"href":"https:\/\/hotel-uaque.gw\/index.php?rest_route=\/wp\/v2\/users\/1"}],"replies":[{"embeddable":true,"href":"https:\/\/hotel-uaque.gw\/index.php?rest_route=%2Fwp%2Fv2%2Fcomments&post=218"}],"version-history":[{"count":11,"href":"https:\/\/hotel-uaque.gw\/index.php?rest_route=\/wp\/v2\/pages\/218\/revisions"}],"predecessor-version":[{"id":2051,"href":"https:\/\/hotel-uaque.gw\/index.php?rest_route=\/wp\/v2\/pages\/218\/revisions\/2051"}],"wp:attachment":[{"href":"https:\/\/hotel-uaque.gw\/index.php?rest_route=%2Fwp%2Fv2%2Fmedia&parent=218"}],"curies":[{"name":"wp","href":"https:\/\/api.w.org\/{rel}","templated":true}]}}